{"id":2,"date":"2026-04-13T15:28:38","date_gmt":"2026-04-13T15:28:38","guid":{"rendered":"http:\/\/sanbonganphuarena.com\/?page_id=2"},"modified":"2026-04-13T16:48:57","modified_gmt":"2026-04-13T16:48:57","slug":"trang-chu","status":"publish","type":"page","link":"https:\/\/sanbonganphuarena.com\/","title":{"rendered":"trang ch\u1ee7"},"content":{"rendered":"\n<div class=\"slider-wrapper relative\" id=\"slider-8040921\" style=\"background-color:#941111;\">\n    <div class=\"slider slider-nav-circle slider-nav-large slider-nav-light slider-style-normal\"\n        data-flickity-options='{\n            \"cellAlign\": \"center\",\n            \"imagesLoaded\": true,\n            \"lazyLoad\": 1,\n            \"freeScroll\": false,\n            \"wrapAround\": true,\n            \"autoPlay\": 6000,\n            \"pauseAutoPlayOnHover\" : true,\n            \"prevNextButtons\": true,\n            \"contain\" : true,\n            \"adaptiveHeight\" : true,\n            \"dragThreshold\" : 10,\n            \"percentPosition\": true,\n            \"pageDots\": true,\n            \"rightToLeft\": false,\n            \"draggable\": true,\n            \"selectedAttraction\": 0.1,\n            \"parallax\" : 0,\n            \"friction\": 0.6        }'\n        >\n        \n\n<div class=\"row\"  id=\"row-1010432606\">\n\n\n\t<div id=\"col-1750208273\" class=\"col small-12 large-12\"  >\n\t\t\t\t<div class=\"col-inner\"  >\n\t\t\t\n\t\t\t\n\n\t<div id=\"gap-337211439\" class=\"gap-element clearfix\" style=\"display:block; height:auto;\">\n\t\t\n<style>\n#gap-337211439 {\n  padding-top: 30px;\n}\n<\/style>\n\t<\/div>\n\t\n\n\t<div id=\"text-3935045258\" class=\"text\">\n\t\t\n\n<h1 class=\"stk-block-heading__text\" style=\"text-align: center;\"><strong>S\u00e2n B\u00f3ng An Ph\u00fa Arena<\/strong><\/h1>\n\t\t\n<style>\n#text-3935045258 {\n  color: #eeee22;\n}\n#text-3935045258 > * {\n  color: #eeee22;\n}\n<\/style>\n\t<\/div>\n\t\n\n\t\t<\/div>\n\t\t\t\t\t<\/div>\n\n\t\n\n\t<div id=\"col-806815182\" class=\"col small-12 large-12\"  >\n\t\t\t\t<div class=\"col-inner\"  >\n\t\t\t\n\t\t\t\n\n\t<div id=\"text-637377127\" class=\"text\">\n\t\t\n\n<p style=\"text-align: center;\"><strong>S\u00e2n B\u00f3ng An Ph\u00fa Arena<\/strong> \u0111\u1ecba ch\u1ec9 : H\u1ebbm 306 V\u00f5 V\u0103n H\u00e1t, P. Long Tr\u01b0\u1eddng, TP. Th\u1ee7 \u0110\u1ee9c. , Qu\u1eadn 9, Vietnam, 70000. R\u1ea5t mong nh\u1eadn \u0111\u01b0\u1ee3c s\u1ef1 \u1ee7ng h\u1ed9 t\u1eeb c\u00e1c ae \u0111\u1ed9i b\u00f3ng<\/p>\n\t\t\n<style>\n#text-637377127 {\n  color: #ffffff;\n}\n#text-637377127 > * {\n  color: #ffffff;\n}\n<\/style>\n\t<\/div>\n\t\n\n\t\t<\/div>\n\t\t\t\t\t<\/div>\n\n\t\n\n\t<div id=\"col-642988241\" class=\"col small-12 large-12\"  >\n\t\t\t\t<div class=\"col-inner text-center\"  >\n\t\t\t\n\t\t\t\n\n<a class=\"button primary\"  style=\"border-radius:99px;\">\n\t\t<span>\u0110\u1eb7t s\u00e2n ngay<\/span>\n\t<\/a>\n\n\n\n\t\t<\/div>\n\t\t\t\t\t<\/div>\n\n\t\n\n<\/div>\n\n     <\/div>\n\n     <div class=\"loading-spin dark large centered\"><\/div>\n\n\t<\/div>\n\n\n\n\t<section class=\"section\" id=\"section_1430820347\">\n\t\t<div class=\"section-bg fill\" >\n\t\t\t\t\t\t\t\t\t\n\t\t\t\n\n\t\t<\/div>\n\n\t\t\n\n\t\t<div class=\"section-content relative\">\n\t\t\t\n\n<div class=\"row\"  id=\"row-859313671\">\n\n\n\t<div id=\"col-378480713\" class=\"col medium-8 small-12 large-8\"  >\n\t\t\t\t<div class=\"col-inner\"  >\n\t\t\t\n\t\t\t\n\n\t<div id=\"text-43487328\" class=\"text\">\n\t\t\n\n<h1 class=\"stk-block-heading__text\"><strong>S\u00e2n B\u00f3ng An Ph\u00fa Arena \u2013 Kh\u00e1m ph\u00e1 nh\u1eefng ti\u1ec7n \u00edch<\/strong><\/h1>\n<p>C\u00f3 4 s\u00e2n thi \u0111\u1ea5u (ch\u1ee7 y\u1ebfu l\u00e0 s\u00e2n c\u1ecf nh\u00e2n t\u1ea1o, ph\u00f9 h\u1ee3p cho b\u00f3ng \u0111\u00e1 5 ng\u01b0\u1eddi, 7 ng\u01b0\u1eddi ho\u1eb7c futsal t\u00f9y theo b\u1ed1 tr\u00ed. Ch\u00fang t\u00f4i c\u00f2n c\u00f3 c\u00e1c ti\u1ec7n \u00edch sau:<\/p>\n<p>\u2705 Ph\u00f2ng thay \u0111\u1ed3, nh\u00e0 t\u1eafm (c\u01a1 b\u1ea3n cho ng\u01b0\u1eddi ch\u01a1i)<br \/>\u2705 B\u00e3i \u0111\u1ed7 xe<br \/>\u2705 C\u00f3 qu\u1ea7y n\u01b0\u1edbc, \u0111\u1ed3 u\u1ed1ng<br \/>\u2705 S\u00e2n s\u1ea1ch s\u1ebd, an to\u00e0n, th\u01b0\u1eddng \u0111\u01b0\u1ee3c khen v\u1ec1 ch\u1ea5t l\u01b0\u1ee3ng m\u1eb7t s\u00e2n v\u00e0 \u00e1nh s\u00e1ng<br \/>\u2705 Th\u1ec9nh tho\u1ea3ng c\u00f3 \u01b0u \u0111\u00e3i l\u1edbn khi s\u00e2n m\u1edf l\u1ea1i ho\u1eb7c khai tr\u01b0\u01a1ng (v\u00ed d\u1ee5: \u01b0u \u0111\u00e3i ng\u1eadp tr\u00e0n tu\u1ea7n \u0111\u1ea7u ho\u1ea1t \u0111\u1ed9ng tr\u1edf l\u1ea1i)<br \/>\u2705 Cho thu\u00ea gi\u00e0y b\u00f3ng \u0111\u00e1, b\u00f3ng v\u00e0 \u00e1o t\u1eadp<\/p>\n\t\t\n<style>\n#text-43487328 {\n  font-size: 0.85rem;\n}\n<\/style>\n\t<\/div>\n\t\n\n\t\t<\/div>\n\t\t\t\t\t<\/div>\n\n\t\n\n\t<div id=\"col-953541967\" class=\"col medium-4 small-12 large-4\"  >\n\t\t\t\t<div class=\"col-inner\"  >\n\t\t\t\n\t\t\t\n\n\t<div class=\"img has-hover x md-x lg-x y md-y lg-y\" id=\"image_1468845663\">\n\t\t\t\t\t\t\t\t<div class=\"img-inner dark\" >\n\t\t\t<img loading=\"lazy\" decoding=\"async\" width=\"600\" height=\"413\" src=\"https:\/\/sanbonganphuarena.com\/wp-content\/uploads\/2026\/04\/anh-san-bong.jpg\" class=\"attachment-original size-original\" alt=\"\u1ea3nh s\u00e2n b\u00f3ng\" srcset=\"https:\/\/sanbonganphuarena.com\/wp-content\/uploads\/2026\/04\/anh-san-bong.jpg 600w, https:\/\/sanbonganphuarena.com\/wp-content\/uploads\/2026\/04\/anh-san-bong-300x207.jpg 300w\" sizes=\"auto, (max-width: 600px) 100vw, 600px\" \/>\t\t\t\t\t\t\n\t\t\t\t\t<\/div>\n\t\t\t\t\t\t\t\t\n<style>\n#image_1468845663 {\n  width: 100%;\n}\n<\/style>\n\t<\/div>\n\t\n\n\n\t\t<\/div>\n\t\t\t\t\t<\/div>\n\n\t\n\n<\/div>\n<div class=\"row\"  id=\"row-1557775168\">\n\n\n\t<div id=\"col-417101228\" class=\"col small-12 large-12\"  >\n\t\t\t\t<div class=\"col-inner text-center\"  >\n\t\t\t\n\t\t\t\n\n<h2><strong>C\u00e1c ho\u1ea1t \u0111\u1ed9ng c\u00f3 t\u1ea1i S\u00e2n B\u00f3ng HT Sports<\/strong><\/h2>\n\n\t\t<\/div>\n\t\t\t\t\t<\/div>\n\n\t\n\n\t<div id=\"col-329374905\" class=\"col medium-4 small-12 large-4\"  >\n\t\t\t\t<div class=\"col-inner\"  >\n\t\t\t\n\t\t\t\n\n\t<div id=\"text-3743241280\" class=\"text home-content\">\n\t\t\n\n<h3 class=\"wp-block-heading has-text-align-center has-medium-font-size\" style=\"text-align: center;\"><strong>T\u1ed5 ch\u1ee9c gi\u1ea3i \u0111\u1ea5u v\u00e0 s\u1ef1 ki\u1ec7n<\/strong><\/h3>\n<p>S\u00e2n th\u01b0\u1eddng xuy\u00ean t\u1ed5 ch\u1ee9c c\u00e1c gi\u1ea3i \u0111\u1ea5u phong tr\u00e0o (v\u00ed d\u1ee5: gi\u1ea3i S5, gi\u1ea3i h\u1ecdc sinh, gi\u1ea3i c\u00f4ng ty). C\u00f3 c\u00e1c gi\u1ea3i quy t\u1ee5 8-16 \u0111\u1ed9i, v\u1edbi trao gi\u1ea3i, k\u1ef7 ni\u1ec7m ch\u01b0\u01a1ng, ph\u00f9 h\u1ee3p cho \u0111\u1ed9i b\u00f3ng \u0111\u0103ng k\u00fd tham gia<\/p>\n\t\t\t<\/div>\n\t\n\n\t\t<\/div>\n\t\t\t\t\t<\/div>\n\n\t\n\n\t<div id=\"col-299856110\" class=\"col medium-4 small-12 large-4\"  >\n\t\t\t\t<div class=\"col-inner\"  >\n\t\t\t\n\t\t\t\n\n\t<div id=\"text-3317092340\" class=\"text home-content\">\n\t\t\n\n<h3 class=\"wp-block-heading has-text-align-center has-medium-font-size\" style=\"text-align: center;\"><strong>T\u1eadp luy\u1ec7n \u0111\u1ecbnh k\u1ef3<\/strong><\/h3>\n<p>C\u00f3 l\u1ecbch t\u1eadp luy\u1ec7n c\u1ed1 \u0111\u1ecbnh cho m\u1ed9t s\u1ed1 nh\u00f3m\/\u0111\u1ed9i (v\u00ed d\u1ee5: 19h-20h30 th\u1ee9 2 v\u00e0 th\u1ee9 5 h\u00e0ng tu\u1ea7n t\u1ea1i s\u00e2n). C\u00f3 th\u1ec3 h\u1ed7 tr\u1ee3 c\u00e1c l\u1edbp t\u1eadp luy\u1ec7n ho\u1eb7c \u0111\u1ed9i b\u00f3ng thu\u00ea s\u00e2n \u0111\u1ecbnh k\u1ef3.<\/p>\n\t\t\t<\/div>\n\t\n\n\t\t<\/div>\n\t\t\t\t\t<\/div>\n\n\t\n\n\t<div id=\"col-237327825\" class=\"col home-content medium-4 small-12 large-4\"  >\n\t\t\t\t<div class=\"col-inner\"  >\n\t\t\t\n\t\t\t\n\n<h3 class=\"wp-block-heading has-text-align-center has-medium-font-size\" style=\"text-align: center;\"><strong>T\u1ed5 ch\u1ee9c gi\u1ea3i \u0111\u1ea5u<\/strong><\/h3>\n<p class=\"stk-block-heading__text\"><strong>S\u00e2n B\u00f3ng An Ph\u00fa Arena <\/strong>nh\u1eadn t\u1ed5 ch\u1ee9c ho\u1eb7c cung c\u1ea5p s\u00e2n b\u00f3ng v\u00e0 d\u1ecbch v\u1ee5 \u0111i k\u00e8m cho cho c\u00e1c gi\u1ea3i b\u00f3ng \u0111\u00e1 mini tr\u00ean \u0111\u1ecba b\u00e0n TP H\u1ed3 Ch\u00ed Minh.<\/p>\n\n\t\t<\/div>\n\t\t\t\t\t<\/div>\n\n\t\n\n<\/div>\n\n\t\t<\/div>\n\n\t\t\n<style>\n#section_1430820347 {\n  padding-top: 30px;\n  padding-bottom: 30px;\n}\n<\/style>\n\t<\/section>\n\t\n\n","protected":false},"excerpt":{"rendered":"","protected":false},"author":1,"featured_media":0,"parent":0,"menu_order":0,"comment_status":"closed","ping_status":"closed","template":"page-blank.php","meta":{"footnotes":""},"class_list":["post-2","page","type-page","status-publish","hentry"],"_links":{"self":[{"href":"https:\/\/sanbonganphuarena.com\/index.php\/wp-json\/wp\/v2\/pages\/2","targetHints":{"allow":["GET"]}}],"collection":[{"href":"https:\/\/sanbonganphuarena.com\/index.php\/wp-json\/wp\/v2\/pages"}],"about":[{"href":"https:\/\/sanbonganphuarena.com\/index.php\/wp-json\/wp\/v2\/types\/page"}],"author":[{"embeddable":true,"href":"https:\/\/sanbonganphuarena.com\/index.php\/wp-json\/wp\/v2\/users\/1"}],"replies":[{"embeddable":true,"href":"https:\/\/sanbonganphuarena.com\/index.php\/wp-json\/wp\/v2\/comments?post=2"}],"version-history":[{"count":10,"href":"https:\/\/sanbonganphuarena.com\/index.php\/wp-json\/wp\/v2\/pages\/2\/revisions"}],"predecessor-version":[{"id":51,"href":"https:\/\/sanbonganphuarena.com\/index.php\/wp-json\/wp\/v2\/pages\/2\/revisions\/51"}],"wp:attachment":[{"href":"https:\/\/sanbonganphuarena.com\/index.php\/wp-json\/wp\/v2\/media?parent=2"}],"curies":[{"name":"wp","href":"https:\/\/api.w.org\/{rel}","templated":true}]}}